{"id":3939,"date":"2021-03-17T14:03:49","date_gmt":"2021-03-17T13:03:49","guid":{"rendered":"https:\/\/www.camping-les-biches.com\/camping-spa-vendee\/"},"modified":"2025-10-17T14:57:06","modified_gmt":"2025-10-17T12:57:06","slug":"camping-spa-vendee","status":"publish","type":"page","link":"https:\/\/www.camping-les-biches.com\/nl\/camping-spa-vendee\/","title":{"rendered":"Espace Aquatique : Spa et Bien \u00eatre"},"content":{"rendered":"<section id=\"section-605350098e83c\"\" class=\"section bg-white p-b-0\" \/><div class=\"container\"><h1 class=\"element section-title center\">Camping met wellnessruimte in de Vend\u00e9e<\/h1><\/div><\/section>\n\n<section id=\"section-groupe189\"\" class=\"section bg-white\" \/><div class=\"container extralarge\"><div class=\"colonnes-wrap valign-middle col-2-img reversed\"><div class=\"element colonne \"><div class=\"element images\"><div class=\"image\"><a href=\"https:\/\/www.youtube.com\/embed\/gwAhBx0ZhWw?rel=0\" class=\"fancybox youtube\"><img decoding=\"async\" src=\"https:\/\/www.camping-les-biches.com\/wp-content\/uploads\/2021\/11\/Camping_les-_Biches_423_compressed-2.jpg\" data-src=\"https:\/\/www.camping-les-biches.com\/wp-content\/uploads\/2021\/11\/Camping_les-_Biches_423_compressed-2.jpg\" alt=\"jaccuzzi spa\" class=\"images_image\" \/><div class=\"video-title\">Wellnessruimte<\/div><\/a><\/div><div class=\"image\"><img decoding=\"async\" src=\"https:\/\/www.camping-les-biches.com\/wp-content\/uploads\/2021\/12\/jacuzzi-camping-vendee.jpeg\" data-src=\"https:\/\/www.camping-les-biches.com\/wp-content\/uploads\/2021\/12\/jacuzzi-camping-vendee.jpeg\" alt=\"espace bien etre vendee\" class=\"images_image\" \/><\/div><\/div><\/div><div class=\"element colonne \"><h2 class=\"element section-title justify\">ONTSPANNEN IN ONS WELLNESSCENTRUM IN SAINT-HILAIRE<\/h2><div class=\"element bloc-text justify \">\n\t<p class=\"\" data-start=\"0\" data-end=\"141\">Hebben jullie een dag vol sensaties en emoties beleefd ? Heeft u behoefte aan ontspanning na een dag het verkennen van onze prachtige regio ?<\/p>\n<p class=\"\" data-start=\"143\" data-end=\"463\">Onze camping in Saint-Hilaire-de-Riez biedt tegen een meerprijs toegang tot onze wellnessruimte met jacuzzi, hamam, sauna en massages voor een ontspannen verblijf. Geopend van april tot september, van 10.00 tot 18.00 uur, reserveer uw sessie bij de receptie van de camping en geniet van rustige momenten van ontspanning.<\/p>\n<p class=\"\" data-start=\"465\" data-end=\"659\">Vol van voordelen voor uw huid, bloedsomloop en spieren, zullen de spa en de hamam zowel u als uw hele gezin revitaliseren. U zult rustige en vredige momenten doorbrengen in onze wellnessruimte.<\/p>\n<p class=\"\" data-start=\"661\" data-end=\"858\">Met een huid die er mooier uitziet dan ooit, ontspannen spieren en een kalme geest, kunt u al onze diensten en ons waterpark in Saint-Hilaire-de-Riez weer genieten van een fijne dag met uw familie.<\/p>\n<p class=\"\" data-start=\"860\" data-end=\"960\">We bieden een priv\u00e9-sessie van \u00e9\u00e9n uur voor 4 personen aan voor 50\u20ac, op reservering bij de receptie.<\/p>\n<\/div><\/div><\/div><\/div><\/section>\n\n<section id=\"section-groupe109\"\" class=\"section bg-white\" \/><div class=\"container extralarge\"><div class=\"colonnes-wrap valign-middle col-2-img\"><div class=\"element colonne \"><h2 class=\"element section-title justify\">ONZE JACUZZI<\/h2><div class=\"element bloc-text justify \">\n\t<p class=\"\" data-start=\"0\" data-end=\"172\">Begin met een warm bad in de jacuzzi. De kleine waterstralen masseren uw hele lichaam en verwijderen elke vorm van stress, zodat u een verblijf vol vitaliteit kunt beleven.<\/p>\n<p class=\"\" data-start=\"174\" data-end=\"453\">Ontspan en vergeet alles om u heen tijdens dit unieke moment. U zult genieten van de jacuzzi, dit kleine bubbelbad dat werkt als een massage voor uw huid. Deze ruimte wordt perfect aangevuld door de sauna en het hamam, die u een moment van ontspanning bieden tijdens uw verblijf.<\/p>\n<\/div><h2 class=\"element section-title justify m-t-6\">ONZE SAUNA IN DE VEND\u00c9E<\/h2><div class=\"element bloc-text justify \">\n\t<p class=\"\" data-start=\"0\" data-end=\"46\">Voor nog meer ontspanning wacht de sauna op u.<\/p>\n<p class=\"\" data-start=\"48\" data-end=\"345\">Vol van voordelen, de sauna is onmiskenbaar. Dit kleine kamertje waar de lucht droog is en de temperatuur tot 100\u00b0C kan oplopen, biedt vele voordelen. Uw spieren zullen zich ontspannen, uw bloedsomloop wordt gestimuleerd, toxines worden verwijderd en u zult volledig ontspannen uit de sauna komen.<\/p>\n<p class=\"\" data-start=\"347\" data-end=\"856\">Begin met een warme douche met zeep (om schoon de saunakamer binnen te gaan) en droog uzelf af. Doe een eerste korte sessie van 5 tot 10 minuten, gevolgd door een koude douche van enkele seconden en droog uzelf weer af. Rust daarna 10 minuten uit en drink water om te rehydrateren. Start een tweede langere saunasessie van 10 tot 15 minuten, gevolgd door een kleine koude douche en droog uzelf af. Het doel is om een interne temperatuur van 37\u00b0C te behouden, daarom het proces van zweten en daarna verfrissen.<\/p>\n<\/div><\/div><div class=\"element colonne \"><div class=\"element images\"><div class=\"image\"><img decoding=\"async\" src=\"https:\/\/www.camping-les-biches.com\/wp-content\/uploads\/2021\/11\/Camping_les-_Biches_344_compressed-1.jpg\" data-src=\"https:\/\/www.camping-les-biches.com\/wp-content\/uploads\/2021\/11\/Camping_les-_Biches_344_compressed-1.jpg\" alt=\"jaccuzzi bain\" class=\"images_image\" \/><\/div><div class=\"image\"><img decoding=\"async\" src=\"https:\/\/www.camping-les-biches.com\/wp-content\/uploads\/2021\/12\/sauna-camping-vendee.jpeg\" data-src=\"https:\/\/www.camping-les-biches.com\/wp-content\/uploads\/2021\/12\/sauna-camping-vendee.jpeg\" alt=\"sauna vendee\" class=\"images_image\" \/><\/div><\/div><\/div><\/div><\/div><\/section>\n\n<section id=\"section-groupe8\"\" class=\"section bg-white\" \/><div class=\"container full\"><div class=\"element images\"><div class=\"image\"><img decoding=\"async\" src=\"https:\/\/www.camping-les-biches.com\/wp-content\/uploads\/2021\/03\/sauna-femme-2.jpg\" data-src=\"https:\/\/www.camping-les-biches.com\/wp-content\/uploads\/2021\/03\/sauna-femme-2.jpg\" alt=\"sauna femme\" class=\"images_image\" \/><\/div><div class=\"image\"><img decoding=\"async\" src=\"https:\/\/www.camping-les-biches.com\/wp-content\/uploads\/2021\/03\/massage-bien-etre.jpg\" data-src=\"https:\/\/www.camping-les-biches.com\/wp-content\/uploads\/2021\/03\/massage-bien-etre.jpg\" alt=\"massage bien etre\" class=\"images_image\" \/><\/div><div class=\"image\"><img decoding=\"async\" src=\"https:\/\/www.camping-les-biches.com\/wp-content\/uploads\/2021\/03\/soins-bien-etre.jpg\" data-src=\"https:\/\/www.camping-les-biches.com\/wp-content\/uploads\/2021\/03\/soins-bien-etre.jpg\" alt=\"soins bien etre\" class=\"images_image\" \/><\/div><div class=\"image\"><img decoding=\"async\" src=\"https:\/\/www.camping-les-biches.com\/wp-content\/uploads\/2021\/03\/massages-femme.jpg\" data-src=\"https:\/\/www.camping-les-biches.com\/wp-content\/uploads\/2021\/03\/massages-femme.jpg\" alt=\"massages femme\" class=\"images_image\" \/><\/div><\/div><\/div><\/section>\n\n<section id=\"section-groupe9\"\" class=\"section bg-white\" \/><div class=\"container extralarge\"><div class=\"colonnes-wrap valign-middle col-2-img reversed\"><div class=\"element colonne \"><div class=\"element images\"><div class=\"image\"><img decoding=\"async\" src=\"https:\/\/www.camping-les-biches.com\/wp-content\/uploads\/2021\/11\/Camping_les-_Biches_370_compressed-1.jpg\" data-src=\"https:\/\/www.camping-les-biches.com\/wp-content\/uploads\/2021\/11\/Camping_les-_Biches_370_compressed-1.jpg\" alt=\"hammam vendee\" class=\"images_image\" \/><\/div><div class=\"image\"><img decoding=\"async\" src=\"https:\/\/www.camping-les-biches.com\/wp-content\/uploads\/2021\/12\/massage-camping-les-biches.jpeg\" data-src=\"https:\/\/www.camping-les-biches.com\/wp-content\/uploads\/2021\/12\/massage-camping-les-biches.jpeg\" alt=\"femme massage\" class=\"images_image\" \/><\/div><\/div><\/div><div class=\"element colonne \"><h2 class=\"element section-title justify\">ONZE HAMMAM<\/h2><div class=\"element bloc-text justify \">\n\t<p>Tijdens uw verblijf in juli of augustus kunt u genieten van momenten van ontspanning in de handen van onze professionele masseur en reflexoloog. S\u00e9bastien en S\u00e9verine geven u massages die al uw spieren ontspannen en u een onge\u00ebvenaard gevoel van welzijn geven.<\/p>\n<p>Dankzij hun vakmanschap en ervaring beleeft u aangename en verkwikkende momenten. Met een ruime keuze aan massages vindt u zeker een massage die bij u past om uw verblijf ontspannen te beginnen of te eindigen.<\/p>\n<p>Alle ingredi\u00ebnten zijn aanwezig om te ontspannen en een onvergetelijke vakantie door te brengen met familie of vrienden.<\/p>\n<p>De massages worden in juli en augustus op reservering aangeboden. Voor meer informatie kunt u onze Flower Campings-app downloaden en naar de rubriek \u201cdienstroosters\u201d gaan.<\/p>\n<\/div><h2 class=\"element section-title justify m-t-6\">DE MASSAGES OP DE CAMPING<\/h2><div class=\"element bloc-text justify \">\n\t<p class=\"\" data-start=\"0\" data-end=\"252\">Tijdens uw verblijf in juli of augustus, geef uzelf de tijd om te ontspannen met de professionele handen van onze massagetherapeuten. Onze wellness-masseuses bieden massages aan die al uw spieren ontspannen en een onge\u00ebvenaard gevoel van welzijn geven.<\/p>\n<p class=\"\" data-start=\"254\" data-end=\"483\">Met hun expertise en ervaring zult u aangename en verkwikkende momenten ervaren. Met een breed scala aan massages kunt u degene kiezen die het beste bij u past om uw verblijf te beginnen of te be\u00ebindigen in volledige ontspanning.<\/p>\n<p class=\"\" data-start=\"485\" data-end=\"629\">Alle ingredi\u00ebnten zijn aanwezig om u te ontspannen, te verjongen en een onvergetelijke vakantie door te brengen, zowel met familie als vrienden.<\/p>\n<p class=\"\" data-start=\"631\" data-end=\"799\">Massages zijn op reservering beschikbaar in juli en augustus. Voor meer informatie kunt u onze <a href=\"https:\/\/www.camping-les-biches.com\/nl\/le-camping-application-flower\/\">Flower Campings-app<\/a> downloaden en de sectie &#8220;diensten tijden&#8221; raadplegen.<\/p>\n<\/div><\/div><\/div><\/div><\/section>\n\n<section id=\"section-flou\"\" class=\"section bg-white\" \/><div class=\"container extralarge\"><div class=\"element section-title center titre-cta\">Onze aquatische ruimte en onze animaties<\/div><ul class=\"liste-de-page\"><li class=\"element call-to-action center titre-cta call-to-action--style-1 call-to-action--normal\"><a href=\"https:\/\/www.camping-les-biches.com\/nl\/campingzwembad-vendee\/\"  class=\"call-to-action_link\" title=\"Lees meer over onze aquatische ruimte\"><div class=\"call-to-action_image\"><img decoding=\"async\" src=\"https:\/\/www.camping-les-biches.com\/wp-content\/uploads\/2021\/03\/exterieur-piscine-vendee-100x100.jpg\" data-src=\"https:\/\/www.camping-les-biches.com\/wp-content\/uploads\/2021\/03\/exterieur-piscine-vendee.jpg\" alt=\"exterieur piscine vendee\" class=\"normal\" \/><\/div><div class=\"call-to-action_contenu\"><div class=\"call-to-action_titre\">Onze aquatische ruimte<\/div><\/div><\/a><\/li><li class=\"element call-to-action center titre-cta call-to-action--style-1 call-to-action--normal call-to-action--style-1 call-to-action--normal\"><a href=\"https:\/\/www.camping-les-biches.com\/nl\/restaurant-op-de-camping-vendee\/\"  class=\"call-to-action_link\" title=\"Lees meer over ons restaurant\"><div class=\"call-to-action_image\"><img decoding=\"async\" src=\"https:\/\/www.camping-les-biches.com\/wp-content\/uploads\/2021\/03\/pizza-repas-100x100.jpg\" data-src=\"https:\/\/www.camping-les-biches.com\/wp-content\/uploads\/2021\/03\/pizza-repas.jpg\" alt=\"pizza repas\" class=\"normal\" \/><\/div><div class=\"call-to-action_contenu\"><div class=\"call-to-action_titre\">Ons restaurant<\/div><\/div><\/a><\/li><li class=\"element call-to-action center titre-cta call-to-action--style-1 call-to-action--normal call-to-action--style-1 call-to-action--normal call-to-action--style-1 call-to-action--normal\"><a href=\"https:\/\/www.camping-les-biches.com\/nl\/family-campsite-vendee\/\"  class=\"call-to-action_link\" title=\"Lees meer over onze evenementen\"><div class=\"call-to-action_image\"><img decoding=\"async\" src=\"https:\/\/www.camping-les-biches.com\/wp-content\/uploads\/2021\/04\/raquette-balle-100x100.jpg\" data-src=\"https:\/\/www.camping-les-biches.com\/wp-content\/uploads\/2021\/04\/raquette-balle.jpg\" alt=\"raquette balle\" class=\"normal\" \/><\/div><div class=\"call-to-action_contenu\"><div class=\"call-to-action_titre\">Onze evenementen<\/div><\/div><\/a><\/li><\/ul><\/div><\/section>","protected":false},"excerpt":{"rendered":"","protected":false},"author":1,"featured_media":822,"parent":0,"menu_order":0,"comment_status":"closed","ping_status":"closed","template":"","meta":{"_acf_changed":false,"footnotes":""},"class_list":["post-3939","page","type-page","status-publish","has-post-thumbnail","hentry"],"acf":[],"yoast_head":"<!-- This site is optimized with the Yoast SEO plugin v25.3 - https:\/\/yoast.com\/wordpress\/plugins\/seo\/ -->\n<title>Wellness ruimte Saint-Hilaire | Jacuzzi, sauna in Vend\u00e9e (85)<\/title>\n<meta name=\"robots\" content=\"index, follow, max-snippet:-1, max-image-preview:large, max-video-preview:-1\" \/>\n<link rel=\"canonical\" href=\"https:\/\/www.camping-les-biches.com\/nl\/camping-spa-vendee\/\" \/>\n<meta property=\"og:locale\" content=\"nl_NL\" \/>\n<meta property=\"og:type\" content=\"article\" \/>\n<meta property=\"og:title\" content=\"Wellness ruimte Saint-Hilaire | Jacuzzi, sauna in Vend\u00e9e (85)\" \/>\n<meta property=\"og:url\" content=\"https:\/\/www.camping-les-biches.com\/nl\/camping-spa-vendee\/\" \/>\n<meta property=\"og:site_name\" content=\"Camping Au Bois des Biches\" \/>\n<meta property=\"article:modified_time\" content=\"2025-10-17T12:57:06+00:00\" \/>\n<meta property=\"og:image\" content=\"https:\/\/www.camping-les-biches.com\/wp-content\/uploads\/2021\/03\/femme-spa.jpg\" \/>\n\t<meta property=\"og:image:width\" content=\"1899\" \/>\n\t<meta property=\"og:image:height\" content=\"450\" \/>\n\t<meta property=\"og:image:type\" content=\"image\/jpeg\" \/>\n<meta name=\"twitter:card\" content=\"summary_large_image\" \/>\n<meta name=\"twitter:label1\" content=\"Geschatte leestijd\" \/>\n\t<meta name=\"twitter:data1\" content=\"1 minuut\" \/>\n<script type=\"application\/ld+json\" class=\"yoast-schema-graph\">{\"@context\":\"https:\/\/schema.org\",\"@graph\":[{\"@type\":\"WebPage\",\"@id\":\"https:\/\/www.camping-les-biches.com\/nl\/camping-spa-vendee\/\",\"url\":\"https:\/\/www.camping-les-biches.com\/nl\/camping-spa-vendee\/\",\"name\":\"Wellness ruimte Saint-Hilaire | Jacuzzi, sauna in Vend\u00e9e (85)\",\"isPartOf\":{\"@id\":\"https:\/\/www.camping-les-biches.com\/nl\/#website\"},\"primaryImageOfPage\":{\"@id\":\"https:\/\/www.camping-les-biches.com\/nl\/camping-spa-vendee\/#primaryimage\"},\"image\":{\"@id\":\"https:\/\/www.camping-les-biches.com\/nl\/camping-spa-vendee\/#primaryimage\"},\"thumbnailUrl\":\"https:\/\/www.camping-les-biches.com\/wp-content\/uploads\/2021\/03\/femme-spa.jpg\",\"datePublished\":\"2021-03-17T13:03:49+00:00\",\"dateModified\":\"2025-10-17T12:57:06+00:00\",\"breadcrumb\":{\"@id\":\"https:\/\/www.camping-les-biches.com\/nl\/camping-spa-vendee\/#breadcrumb\"},\"inLanguage\":\"nl-NL\",\"potentialAction\":[{\"@type\":\"ReadAction\",\"target\":[\"https:\/\/www.camping-les-biches.com\/nl\/camping-spa-vendee\/\"]}]},{\"@type\":\"ImageObject\",\"inLanguage\":\"nl-NL\",\"@id\":\"https:\/\/www.camping-les-biches.com\/nl\/camping-spa-vendee\/#primaryimage\",\"url\":\"https:\/\/www.camping-les-biches.com\/wp-content\/uploads\/2021\/03\/femme-spa.jpg\",\"contentUrl\":\"https:\/\/www.camping-les-biches.com\/wp-content\/uploads\/2021\/03\/femme-spa.jpg\",\"width\":1899,\"height\":450,\"caption\":\"femme spa\"},{\"@type\":\"BreadcrumbList\",\"@id\":\"https:\/\/www.camping-les-biches.com\/nl\/camping-spa-vendee\/#breadcrumb\",\"itemListElement\":[{\"@type\":\"ListItem\",\"position\":1,\"name\":\"Kamperen Vend\u00e9e\",\"item\":\"https:\/\/www.camping-les-biches.com\/nl\/\"},{\"@type\":\"ListItem\",\"position\":2,\"name\":\"Camping met wellnessruimte Vend\u00e9e\"}]},{\"@type\":\"WebSite\",\"@id\":\"https:\/\/www.camping-les-biches.com\/nl\/#website\",\"url\":\"https:\/\/www.camping-les-biches.com\/nl\/\",\"name\":\"Camping Au Bois des Biches\",\"description\":\"\",\"publisher\":{\"@id\":\"https:\/\/www.camping-les-biches.com\/nl\/#organization\"},\"potentialAction\":[{\"@type\":\"SearchAction\",\"target\":{\"@type\":\"EntryPoint\",\"urlTemplate\":\"https:\/\/www.camping-les-biches.com\/nl\/?s={search_term_string}\"},\"query-input\":{\"@type\":\"PropertyValueSpecification\",\"valueRequired\":true,\"valueName\":\"search_term_string\"}}],\"inLanguage\":\"nl-NL\"},{\"@type\":\"Organization\",\"@id\":\"https:\/\/www.camping-les-biches.com\/nl\/#organization\",\"name\":\"Flower Camping Au Bois des Biches\",\"url\":\"https:\/\/www.camping-les-biches.com\/nl\/\",\"logo\":{\"@type\":\"ImageObject\",\"inLanguage\":\"nl-NL\",\"@id\":\"https:\/\/www.camping-les-biches.com\/nl\/#\/schema\/logo\/image\/\",\"url\":\"https:\/\/www.camping-les-biches.com\/wp-content\/uploads\/2025\/10\/AuBoisDesBiches-Logo-complet.png\",\"contentUrl\":\"https:\/\/www.camping-les-biches.com\/wp-content\/uploads\/2025\/10\/AuBoisDesBiches-Logo-complet.png\",\"width\":331,\"height\":162,\"caption\":\"Flower Camping Au Bois des Biches\"},\"image\":{\"@id\":\"https:\/\/www.camping-les-biches.com\/nl\/#\/schema\/logo\/image\/\"}}]}<\/script>\n<!-- \/ Yoast SEO plugin. -->","yoast_head_json":{"title":"Wellness ruimte Saint-Hilaire | Jacuzzi, sauna in Vend\u00e9e (85)","robots":{"index":"index","follow":"follow","max-snippet":"max-snippet:-1","max-image-preview":"max-image-preview:large","max-video-preview":"max-video-preview:-1"},"canonical":"https:\/\/www.camping-les-biches.com\/nl\/camping-spa-vendee\/","og_locale":"nl_NL","og_type":"article","og_title":"Wellness ruimte Saint-Hilaire | Jacuzzi, sauna in Vend\u00e9e (85)","og_url":"https:\/\/www.camping-les-biches.com\/nl\/camping-spa-vendee\/","og_site_name":"Camping Au Bois des Biches","article_modified_time":"2025-10-17T12:57:06+00:00","og_image":[{"width":1899,"height":450,"url":"https:\/\/www.camping-les-biches.com\/wp-content\/uploads\/2021\/03\/femme-spa.jpg","type":"image\/jpeg"}],"twitter_card":"summary_large_image","twitter_misc":{"Geschatte leestijd":"1 minuut"},"schema":{"@context":"https:\/\/schema.org","@graph":[{"@type":"WebPage","@id":"https:\/\/www.camping-les-biches.com\/nl\/camping-spa-vendee\/","url":"https:\/\/www.camping-les-biches.com\/nl\/camping-spa-vendee\/","name":"Wellness ruimte Saint-Hilaire | Jacuzzi, sauna in Vend\u00e9e (85)","isPartOf":{"@id":"https:\/\/www.camping-les-biches.com\/nl\/#website"},"primaryImageOfPage":{"@id":"https:\/\/www.camping-les-biches.com\/nl\/camping-spa-vendee\/#primaryimage"},"image":{"@id":"https:\/\/www.camping-les-biches.com\/nl\/camping-spa-vendee\/#primaryimage"},"thumbnailUrl":"https:\/\/www.camping-les-biches.com\/wp-content\/uploads\/2021\/03\/femme-spa.jpg","datePublished":"2021-03-17T13:03:49+00:00","dateModified":"2025-10-17T12:57:06+00:00","breadcrumb":{"@id":"https:\/\/www.camping-les-biches.com\/nl\/camping-spa-vendee\/#breadcrumb"},"inLanguage":"nl-NL","potentialAction":[{"@type":"ReadAction","target":["https:\/\/www.camping-les-biches.com\/nl\/camping-spa-vendee\/"]}]},{"@type":"ImageObject","inLanguage":"nl-NL","@id":"https:\/\/www.camping-les-biches.com\/nl\/camping-spa-vendee\/#primaryimage","url":"https:\/\/www.camping-les-biches.com\/wp-content\/uploads\/2021\/03\/femme-spa.jpg","contentUrl":"https:\/\/www.camping-les-biches.com\/wp-content\/uploads\/2021\/03\/femme-spa.jpg","width":1899,"height":450,"caption":"femme spa"},{"@type":"BreadcrumbList","@id":"https:\/\/www.camping-les-biches.com\/nl\/camping-spa-vendee\/#breadcrumb","itemListElement":[{"@type":"ListItem","position":1,"name":"Kamperen Vend\u00e9e","item":"https:\/\/www.camping-les-biches.com\/nl\/"},{"@type":"ListItem","position":2,"name":"Camping met wellnessruimte Vend\u00e9e"}]},{"@type":"WebSite","@id":"https:\/\/www.camping-les-biches.com\/nl\/#website","url":"https:\/\/www.camping-les-biches.com\/nl\/","name":"Camping Au Bois des Biches","description":"","publisher":{"@id":"https:\/\/www.camping-les-biches.com\/nl\/#organization"},"potentialAction":[{"@type":"SearchAction","target":{"@type":"EntryPoint","urlTemplate":"https:\/\/www.camping-les-biches.com\/nl\/?s={search_term_string}"},"query-input":{"@type":"PropertyValueSpecification","valueRequired":true,"valueName":"search_term_string"}}],"inLanguage":"nl-NL"},{"@type":"Organization","@id":"https:\/\/www.camping-les-biches.com\/nl\/#organization","name":"Flower Camping Au Bois des Biches","url":"https:\/\/www.camping-les-biches.com\/nl\/","logo":{"@type":"ImageObject","inLanguage":"nl-NL","@id":"https:\/\/www.camping-les-biches.com\/nl\/#\/schema\/logo\/image\/","url":"https:\/\/www.camping-les-biches.com\/wp-content\/uploads\/2025\/10\/AuBoisDesBiches-Logo-complet.png","contentUrl":"https:\/\/www.camping-les-biches.com\/wp-content\/uploads\/2025\/10\/AuBoisDesBiches-Logo-complet.png","width":331,"height":162,"caption":"Flower Camping Au Bois des Biches"},"image":{"@id":"https:\/\/www.camping-les-biches.com\/nl\/#\/schema\/logo\/image\/"}}]}},"_links":{"self":[{"href":"https:\/\/www.camping-les-biches.com\/nl\/wp-json\/wp\/v2\/pages\/3939"}],"collection":[{"href":"https:\/\/www.camping-les-biches.com\/nl\/wp-json\/wp\/v2\/pages"}],"about":[{"href":"https:\/\/www.camping-les-biches.com\/nl\/wp-json\/wp\/v2\/types\/page"}],"author":[{"embeddable":true,"href":"https:\/\/www.camping-les-biches.com\/nl\/wp-json\/wp\/v2\/users\/1"}],"replies":[{"embeddable":true,"href":"https:\/\/www.camping-les-biches.com\/nl\/wp-json\/wp\/v2\/comments?post=3939"}],"version-history":[{"count":20,"href":"https:\/\/www.camping-les-biches.com\/nl\/wp-json\/wp\/v2\/pages\/3939\/revisions"}],"predecessor-version":[{"id":33084,"href":"https:\/\/www.camping-les-biches.com\/nl\/wp-json\/wp\/v2\/pages\/3939\/revisions\/33084"}],"wp:featuredmedia":[{"embeddable":true,"href":"https:\/\/www.camping-les-biches.com\/nl\/wp-json\/wp\/v2\/media\/822"}],"wp:attachment":[{"href":"https:\/\/www.camping-les-biches.com\/nl\/wp-json\/wp\/v2\/media?parent=3939"}],"curies":[{"name":"wp","href":"https:\/\/api.w.org\/{rel}","templated":true}]}}