{"id":3903,"date":"2021-03-17T14:04:52","date_gmt":"2021-03-17T13:04:52","guid":{"rendered":"https:\/\/www.camping-les-biches.com\/camping-pas-cher-vendee\/"},"modified":"2024-01-14T11:52:43","modified_gmt":"2024-01-14T10:52:43","slug":"goedkoop-kamperen-vendee","status":"publish","type":"page","link":"https:\/\/www.camping-les-biches.com\/nl\/goedkoop-kamperen-vendee\/","title":{"rendered":"H\u00e9bergements : Tarifs et Offres sp\u00e9ciales"},"content":{"rendered":"<section id=\"section-605350098e83c\"\" class=\"section bg-white\" \/><div class=\"container\"><h1 class=\"element section-title center\">ONZE TARIEVEN EN AANBIEDINGEN<\/h1><\/div><\/section>\n\n<section id=\"section-1\"\" class=\"section bg-white\" \/><div class=\"container extralarge\"><div class=\"element bloc-text justify \">\n\t<p>Ontdek ons uitzonderlijke aanbod van 21 accommodatietypes en <a href=\"https:\/\/www.camping-les-biches.com\/nl\/rental-accommodation-vendee\/\">klik hier<\/a> om de accommodatie te vinden die perfect bij jouw persoonlijkheid past!<\/p>\n<\/div><div class=\"colonnes-wrap valign-top \"><div class=\"element colonne w-70\"><div class=\"element bloc-text\">\n\t<script>\r\n    window.ctoutvert = {\r\n        id: 601,\r\n        lang: 'auto',\r\n        url: 'https:\/\/bookingpremium.secureholiday.net\/widgets\/', \r\n    };\r\n    (function (w, d, s, ctv, r, js, fjs) {\r\n        r=new XMLHttpRequest();r.open('GET',w[ctv].url+'js\/src.json');\r\n        r.responseType='json';r.json=true;r.send();\r\n        r.onload=function(){w[ctv].src=r.responseType=='json'?r.response:JSON.parse(r.response);\r\n        js.src=w[ctv].src[0];fjs.parentNode.insertBefore(js, fjs);}\r\n        js=d.createElement(s),fjs=d.getElementsByTagName(s)[0];\r\n        js.id='ctvwidget';js.async=1;\r\n    }(window, document, 'script', 'ctoutvert'));\r\n<\/script>\r\n<ctv-availability data-background-color='#FFFFFFFF' data-month=\"05\"><\/ctv-availability><\/div><\/div><div class=\"element colonne w-30\"><div class=\"element bloc-text\">\n\t<ctv-offers ><\/ctv-offers><\/div><\/div><\/div><\/div><\/section>\n\n<section id=\"section-groupe10\"\" class=\"section bg-white\" \/><div class=\"container extralarge\"><div class=\"colonnes-wrap valign-middle col-2-img reversed\"><div class=\"element colonne \"><div class=\"element images\"><div class=\"image\"><img decoding=\"async\" src=\"https:\/\/www.camping-les-biches.com\/wp-content\/uploads\/2021\/03\/terrasse-mobil-home.jpg\" data-src=\"https:\/\/www.camping-les-biches.com\/wp-content\/uploads\/2021\/03\/terrasse-mobil-home.jpg\" alt=\"terrasse mobil home\" class=\"images_image\" \/><\/div><div class=\"image\"><img decoding=\"async\" src=\"https:\/\/www.camping-les-biches.com\/wp-content\/uploads\/2021\/03\/sejour-mobil-home.jpg\" data-src=\"https:\/\/www.camping-les-biches.com\/wp-content\/uploads\/2021\/03\/sejour-mobil-home.jpg\" alt=\"sejour mobil home\" class=\"images_image\" \/><\/div><\/div><\/div><div class=\"element colonne \"><h2 class=\"element section-title justify\">De beste tarieven voor de camping in Saint-Hilaire<\/h2><div class=\"element bloc-text justify \">\n\t<p>Kom vakantie houden op onze goedkope camping in Saint-Hilaire en ontdek de Vend\u00e9e. Wij bieden comfortabele staanplaatsen en accommodaties tegen lage prijzen. Je kunt kiezen uit onze aantrekkelijk geprijsde stacaravans, chalets, lodges, ongewone accommodaties en staanplaatsen. Gegarandeerd een succes bij de hele familie.<\/p>\n<p>Je hebt gratis toegang tot het waterpark met zijn verwarmde zwembaden en glijbanen, tot ons entertainment en de georganiseerde activiteiten waar je samen met vrienden en familie van kunt genieten. Sommige activiteiten en diensten, zoals het wellnesscentrum, de Escape gameen de zwemlessen spa, het escape-spel, zwemlessen zijn niet gratis maar garanderen je van een fijne campingvakantie in de Vend\u00e9e.<\/p>\n<p>Onze camping in Saint-Hilaire biedt  het hele jaar door de beste tarieven. Je vindt er altijd een accommodatie die het beste bij jouw vakantiebudget past. Het niveau van comfort en voorzieningen varieert per accommodatie om een maximale keuze te bieden.<\/p>\n<p>Kies voor een huuraccommodatie of een staanplaats met of zonder priv\u00e9sanitair op onze voordelige camping en profiteer gratis van onze diensten voor een ontspannen en rustgevende vakantie.  De gezellige sfeer op onze camping in de Vend\u00e9e en de goede prijs-kwaliteits verhouding zorgen zeker voor een onvergetelijke vakantie met het hele gezin.<\/p>\n<\/div><\/div><\/div><\/div><\/section>\n\n<section id=\"section-groupe9\"\" class=\"section bg-white\" \/><div class=\"container extralarge\"><div class=\"colonnes-wrap valign-middle col-2-img\"><div class=\"element colonne \"><h2 class=\"element section-title left\">ONTDEK ONZE AANBIEDINGEN IN DE VEND\u00c9E<\/h2><div class=\"element bloc-text justify \">\n\t<p>Bekijk alle aanbiedingen voor een vakantie op onze voordelige camping in de Vend\u00e9e. We bieden een breed scala aan comfortabele accommodaties en staanplaatsen voor elk budget, geheel of gedeeltelijk in de schaduw van het omliggende dennenbos.<\/p>\n<p>Een gezellige sfeer, een natuurlijke omgeving en aantrekkelijk geprijsd : biedt een onvergetelijke vakantie aan het hele gezin. Zowel jong als oud zullen genieten van de gratis activiteiten en entertainment op de familiecamping in de Vend\u00e9e. Kies een comfortabele huuraccommodatie op camping Les Biches en profiteer van de beste prijs-kwaliteitverhouding.<\/p>\n<p>Camping Les Biches in Saint-Hilaire biedt een ruime keuze aan accommodaties en staanplaatsen, tegen de beste prijs. Kies \u00e9\u00e9n van onze huuraccommodaties of staanplaatsen voor jouw vakantie in de Vend\u00e9e en profiteer van de beste deals en kortingen.<\/p>\n<p>Het maakt niets uit of je met vrienden, familie of met zijn twee\u00ebn komt, je vindt altijd ideale huuraccommodatie op onze camping en je zult zeker genieten van een ontspannen vakantie. Je kunt gratis gebruik maken van ons aquapark en meedoen aan de georganiseerde activiteiten waar je zeker veel plezier zult hebben. Onze camping biedt de beste prijzen in de Vend\u00e9e, waardoor je meer uit kunt geven aan uitstapjes, excursies en activiteiten rond Saint-Hilaire. <\/p>\n<\/div><\/div><div class=\"element colonne \"><div class=\"element images\"><div class=\"image\"><img decoding=\"async\" src=\"https:\/\/www.camping-les-biches.com\/wp-content\/uploads\/2021\/03\/cabane-exterieur-1.jpg\" data-src=\"https:\/\/www.camping-les-biches.com\/wp-content\/uploads\/2021\/03\/cabane-exterieur-1.jpg\" alt=\"cabane exterieur\" class=\"images_image\" \/><\/div><div class=\"image\"><img decoding=\"async\" src=\"https:\/\/www.camping-les-biches.com\/wp-content\/uploads\/2021\/03\/cabane-terrasse.jpg\" data-src=\"https:\/\/www.camping-les-biches.com\/wp-content\/uploads\/2021\/03\/cabane-terrasse.jpg\" alt=\"cabane terrasse\" class=\"images_image\" \/><\/div><\/div><\/div><\/div><\/div><\/section>\n\n<section id=\"section-4\"\" class=\"section bg-white\" \/><div class=\"container extralarge\"><div class=\"element section-title center titre-cta\">Onze accommodatie en standplaatsen<\/div><ul class=\"liste-de-page\"><li class=\"element call-to-action center titre-cta call-to-action--style-1 call-to-action--normal\"><a href=\"https:\/\/www.camping-les-biches.com\/nl\/huur-standplaats-vendee\/\"  class=\"call-to-action_link\" title=\"Lees meer over onze staanplaatsen\"><div class=\"call-to-action_image\"><img decoding=\"async\" src=\"https:\/\/www.camping-les-biches.com\/wp-content\/uploads\/2021\/03\/camping-famille-1-100x100.jpg\" data-src=\"https:\/\/www.camping-les-biches.com\/wp-content\/uploads\/2021\/03\/camping-famille-1.jpg\" alt=\"camping famille\" class=\"normal\" \/><\/div><div class=\"call-to-action_contenu\"><div class=\"call-to-action_titre\">Onze staanplaatsen<\/div><\/div><\/a><\/li><li class=\"element call-to-action center titre-cta call-to-action--style-1 call-to-action--normal call-to-action--style-1 call-to-action--normal\"><a href=\"https:\/\/www.camping-les-biches.com\/nl\/chalet-huren-vendee\/\"  class=\"call-to-action_link\" title=\"Lees meer over onze huisjes\"><div class=\"call-to-action_image\"><img decoding=\"async\" src=\"https:\/\/www.camping-les-biches.com\/wp-content\/uploads\/2021\/03\/chalet-vendee-1-91x100.jpg\" data-src=\"https:\/\/www.camping-les-biches.com\/wp-content\/uploads\/2021\/03\/chalet-vendee-1.jpg\" alt=\"chalet vendee\" class=\"normal\" \/><\/div><div class=\"call-to-action_contenu\"><div class=\"call-to-action_titre\">Onze huisjes<\/div><\/div><\/a><\/li><li class=\"element call-to-action center titre-cta call-to-action--style-1 call-to-action--normal call-to-action--style-1 call-to-action--normal call-to-action--style-1 call-to-action--normal\"><a href=\"https:\/\/www.camping-les-biches.com\/nl\/verhuur-van-stacaravans-vendee\/\"  class=\"call-to-action_link\" title=\"Lees meer over in de mobil-homes\"><div class=\"call-to-action_image\"><img decoding=\"async\" src=\"https:\/\/www.camping-les-biches.com\/wp-content\/uploads\/2021\/03\/location-mobil-home-vendee-91x100.jpg\" data-src=\"https:\/\/www.camping-les-biches.com\/wp-content\/uploads\/2021\/03\/location-mobil-home-vendee.jpg\" alt=\"location mobil-home vendee\" class=\"normal\" \/><\/div><div class=\"call-to-action_contenu\"><div class=\"call-to-action_titre\">In de mobil-homes<\/div><\/div><\/a><\/li><\/ul><\/div><\/section>","protected":false},"excerpt":{"rendered":"","protected":false},"author":1,"featured_media":789,"parent":0,"menu_order":0,"comment_status":"closed","ping_status":"closed","template":"","meta":{"_acf_changed":false,"footnotes":""},"class_list":["post-3903","page","type-page","status-publish","has-post-thumbnail","hentry"],"acf":[],"yoast_head":"<!-- This site is optimized with the Yoast SEO plugin v25.3 - https:\/\/yoast.com\/wordpress\/plugins\/seo\/ -->\n<title>Goedkoop kamperen in Vend\u00e9e | Goedkoop kamperen in Saint-Hilaire (85)<\/title>\n<meta name=\"robots\" content=\"index, follow, max-snippet:-1, max-image-preview:large, max-video-preview:-1\" \/>\n<link rel=\"canonical\" href=\"https:\/\/www.camping-les-biches.com\/nl\/goedkoop-kamperen-vendee\/\" \/>\n<meta property=\"og:locale\" content=\"nl_NL\" \/>\n<meta property=\"og:type\" content=\"article\" \/>\n<meta property=\"og:title\" content=\"Goedkoop kamperen in Vend\u00e9e | Goedkoop kamperen in Saint-Hilaire (85)\" \/>\n<meta property=\"og:url\" content=\"https:\/\/www.camping-les-biches.com\/nl\/goedkoop-kamperen-vendee\/\" \/>\n<meta property=\"og:site_name\" content=\"Camping Au Bois des Biches\" \/>\n<meta property=\"article:modified_time\" content=\"2024-01-14T10:52:43+00:00\" \/>\n<meta property=\"og:image\" content=\"https:\/\/www.camping-les-biches.com\/wp-content\/uploads\/2021\/03\/enfants-tente.jpg\" \/>\n\t<meta property=\"og:image:width\" content=\"1903\" \/>\n\t<meta property=\"og:image:height\" content=\"450\" \/>\n\t<meta property=\"og:image:type\" content=\"image\/jpeg\" \/>\n<meta name=\"twitter:card\" content=\"summary_large_image\" \/>\n<script type=\"application\/ld+json\" class=\"yoast-schema-graph\">{\"@context\":\"https:\/\/schema.org\",\"@graph\":[{\"@type\":\"WebPage\",\"@id\":\"https:\/\/www.camping-les-biches.com\/nl\/goedkoop-kamperen-vendee\/\",\"url\":\"https:\/\/www.camping-les-biches.com\/nl\/goedkoop-kamperen-vendee\/\",\"name\":\"Goedkoop kamperen in Vend\u00e9e | Goedkoop kamperen in Saint-Hilaire (85)\",\"isPartOf\":{\"@id\":\"https:\/\/www.camping-les-biches.com\/nl\/#website\"},\"primaryImageOfPage\":{\"@id\":\"https:\/\/www.camping-les-biches.com\/nl\/goedkoop-kamperen-vendee\/#primaryimage\"},\"image\":{\"@id\":\"https:\/\/www.camping-les-biches.com\/nl\/goedkoop-kamperen-vendee\/#primaryimage\"},\"thumbnailUrl\":\"https:\/\/www.camping-les-biches.com\/wp-content\/uploads\/2021\/03\/enfants-tente.jpg\",\"datePublished\":\"2021-03-17T13:04:52+00:00\",\"dateModified\":\"2024-01-14T10:52:43+00:00\",\"breadcrumb\":{\"@id\":\"https:\/\/www.camping-les-biches.com\/nl\/goedkoop-kamperen-vendee\/#breadcrumb\"},\"inLanguage\":\"nl-NL\",\"potentialAction\":[{\"@type\":\"ReadAction\",\"target\":[\"https:\/\/www.camping-les-biches.com\/nl\/goedkoop-kamperen-vendee\/\"]}]},{\"@type\":\"ImageObject\",\"inLanguage\":\"nl-NL\",\"@id\":\"https:\/\/www.camping-les-biches.com\/nl\/goedkoop-kamperen-vendee\/#primaryimage\",\"url\":\"https:\/\/www.camping-les-biches.com\/wp-content\/uploads\/2021\/03\/enfants-tente.jpg\",\"contentUrl\":\"https:\/\/www.camping-les-biches.com\/wp-content\/uploads\/2021\/03\/enfants-tente.jpg\",\"width\":1903,\"height\":450,\"caption\":\"43\"},{\"@type\":\"BreadcrumbList\",\"@id\":\"https:\/\/www.camping-les-biches.com\/nl\/goedkoop-kamperen-vendee\/#breadcrumb\",\"itemListElement\":[{\"@type\":\"ListItem\",\"position\":1,\"name\":\"Kamperen Vend\u00e9e\",\"item\":\"https:\/\/www.camping-les-biches.com\/nl\/\"},{\"@type\":\"ListItem\",\"position\":2,\"name\":\"Goedkoop kamperen in Saint-Hilaire\"}]},{\"@type\":\"WebSite\",\"@id\":\"https:\/\/www.camping-les-biches.com\/nl\/#website\",\"url\":\"https:\/\/www.camping-les-biches.com\/nl\/\",\"name\":\"Camping Au Bois des Biches\",\"description\":\"\",\"publisher\":{\"@id\":\"https:\/\/www.camping-les-biches.com\/nl\/#organization\"},\"potentialAction\":[{\"@type\":\"SearchAction\",\"target\":{\"@type\":\"EntryPoint\",\"urlTemplate\":\"https:\/\/www.camping-les-biches.com\/nl\/?s={search_term_string}\"},\"query-input\":{\"@type\":\"PropertyValueSpecification\",\"valueRequired\":true,\"valueName\":\"search_term_string\"}}],\"inLanguage\":\"nl-NL\"},{\"@type\":\"Organization\",\"@id\":\"https:\/\/www.camping-les-biches.com\/nl\/#organization\",\"name\":\"Flower Camping Au Bois des Biches\",\"url\":\"https:\/\/www.camping-les-biches.com\/nl\/\",\"logo\":{\"@type\":\"ImageObject\",\"inLanguage\":\"nl-NL\",\"@id\":\"https:\/\/www.camping-les-biches.com\/nl\/#\/schema\/logo\/image\/\",\"url\":\"https:\/\/www.camping-les-biches.com\/wp-content\/uploads\/2025\/10\/AuBoisDesBiches-Logo-complet.png\",\"contentUrl\":\"https:\/\/www.camping-les-biches.com\/wp-content\/uploads\/2025\/10\/AuBoisDesBiches-Logo-complet.png\",\"width\":331,\"height\":162,\"caption\":\"Flower Camping Au Bois des Biches\"},\"image\":{\"@id\":\"https:\/\/www.camping-les-biches.com\/nl\/#\/schema\/logo\/image\/\"}}]}<\/script>\n<!-- \/ Yoast SEO plugin. -->","yoast_head_json":{"title":"Goedkoop kamperen in Vend\u00e9e | Goedkoop kamperen in Saint-Hilaire (85)","robots":{"index":"index","follow":"follow","max-snippet":"max-snippet:-1","max-image-preview":"max-image-preview:large","max-video-preview":"max-video-preview:-1"},"canonical":"https:\/\/www.camping-les-biches.com\/nl\/goedkoop-kamperen-vendee\/","og_locale":"nl_NL","og_type":"article","og_title":"Goedkoop kamperen in Vend\u00e9e | Goedkoop kamperen in Saint-Hilaire (85)","og_url":"https:\/\/www.camping-les-biches.com\/nl\/goedkoop-kamperen-vendee\/","og_site_name":"Camping Au Bois des Biches","article_modified_time":"2024-01-14T10:52:43+00:00","og_image":[{"width":1903,"height":450,"url":"https:\/\/www.camping-les-biches.com\/wp-content\/uploads\/2021\/03\/enfants-tente.jpg","type":"image\/jpeg"}],"twitter_card":"summary_large_image","schema":{"@context":"https:\/\/schema.org","@graph":[{"@type":"WebPage","@id":"https:\/\/www.camping-les-biches.com\/nl\/goedkoop-kamperen-vendee\/","url":"https:\/\/www.camping-les-biches.com\/nl\/goedkoop-kamperen-vendee\/","name":"Goedkoop kamperen in Vend\u00e9e | Goedkoop kamperen in Saint-Hilaire (85)","isPartOf":{"@id":"https:\/\/www.camping-les-biches.com\/nl\/#website"},"primaryImageOfPage":{"@id":"https:\/\/www.camping-les-biches.com\/nl\/goedkoop-kamperen-vendee\/#primaryimage"},"image":{"@id":"https:\/\/www.camping-les-biches.com\/nl\/goedkoop-kamperen-vendee\/#primaryimage"},"thumbnailUrl":"https:\/\/www.camping-les-biches.com\/wp-content\/uploads\/2021\/03\/enfants-tente.jpg","datePublished":"2021-03-17T13:04:52+00:00","dateModified":"2024-01-14T10:52:43+00:00","breadcrumb":{"@id":"https:\/\/www.camping-les-biches.com\/nl\/goedkoop-kamperen-vendee\/#breadcrumb"},"inLanguage":"nl-NL","potentialAction":[{"@type":"ReadAction","target":["https:\/\/www.camping-les-biches.com\/nl\/goedkoop-kamperen-vendee\/"]}]},{"@type":"ImageObject","inLanguage":"nl-NL","@id":"https:\/\/www.camping-les-biches.com\/nl\/goedkoop-kamperen-vendee\/#primaryimage","url":"https:\/\/www.camping-les-biches.com\/wp-content\/uploads\/2021\/03\/enfants-tente.jpg","contentUrl":"https:\/\/www.camping-les-biches.com\/wp-content\/uploads\/2021\/03\/enfants-tente.jpg","width":1903,"height":450,"caption":"43"},{"@type":"BreadcrumbList","@id":"https:\/\/www.camping-les-biches.com\/nl\/goedkoop-kamperen-vendee\/#breadcrumb","itemListElement":[{"@type":"ListItem","position":1,"name":"Kamperen Vend\u00e9e","item":"https:\/\/www.camping-les-biches.com\/nl\/"},{"@type":"ListItem","position":2,"name":"Goedkoop kamperen in Saint-Hilaire"}]},{"@type":"WebSite","@id":"https:\/\/www.camping-les-biches.com\/nl\/#website","url":"https:\/\/www.camping-les-biches.com\/nl\/","name":"Camping Au Bois des Biches","description":"","publisher":{"@id":"https:\/\/www.camping-les-biches.com\/nl\/#organization"},"potentialAction":[{"@type":"SearchAction","target":{"@type":"EntryPoint","urlTemplate":"https:\/\/www.camping-les-biches.com\/nl\/?s={search_term_string}"},"query-input":{"@type":"PropertyValueSpecification","valueRequired":true,"valueName":"search_term_string"}}],"inLanguage":"nl-NL"},{"@type":"Organization","@id":"https:\/\/www.camping-les-biches.com\/nl\/#organization","name":"Flower Camping Au Bois des Biches","url":"https:\/\/www.camping-les-biches.com\/nl\/","logo":{"@type":"ImageObject","inLanguage":"nl-NL","@id":"https:\/\/www.camping-les-biches.com\/nl\/#\/schema\/logo\/image\/","url":"https:\/\/www.camping-les-biches.com\/wp-content\/uploads\/2025\/10\/AuBoisDesBiches-Logo-complet.png","contentUrl":"https:\/\/www.camping-les-biches.com\/wp-content\/uploads\/2025\/10\/AuBoisDesBiches-Logo-complet.png","width":331,"height":162,"caption":"Flower Camping Au Bois des Biches"},"image":{"@id":"https:\/\/www.camping-les-biches.com\/nl\/#\/schema\/logo\/image\/"}}]}},"_links":{"self":[{"href":"https:\/\/www.camping-les-biches.com\/nl\/wp-json\/wp\/v2\/pages\/3903"}],"collection":[{"href":"https:\/\/www.camping-les-biches.com\/nl\/wp-json\/wp\/v2\/pages"}],"about":[{"href":"https:\/\/www.camping-les-biches.com\/nl\/wp-json\/wp\/v2\/types\/page"}],"author":[{"embeddable":true,"href":"https:\/\/www.camping-les-biches.com\/nl\/wp-json\/wp\/v2\/users\/1"}],"replies":[{"embeddable":true,"href":"https:\/\/www.camping-les-biches.com\/nl\/wp-json\/wp\/v2\/comments?post=3903"}],"version-history":[{"count":15,"href":"https:\/\/www.camping-les-biches.com\/nl\/wp-json\/wp\/v2\/pages\/3903\/revisions"}],"predecessor-version":[{"id":14641,"href":"https:\/\/www.camping-les-biches.com\/nl\/wp-json\/wp\/v2\/pages\/3903\/revisions\/14641"}],"wp:featuredmedia":[{"embeddable":true,"href":"https:\/\/www.camping-les-biches.com\/nl\/wp-json\/wp\/v2\/media\/789"}],"wp:attachment":[{"href":"https:\/\/www.camping-les-biches.com\/nl\/wp-json\/wp\/v2\/media?parent=3903"}],"curies":[{"name":"wp","href":"https:\/\/api.w.org\/{rel}","templated":true}]}}