{"id":15017,"date":"2022-12-06T15:44:32","date_gmt":"2022-12-06T14:44:32","guid":{"rendered":"https:\/\/www.camping-les-biches.com\/acsi-un-tarif-avantageux-pour-les-campeurs-et-les-camping-caristes\/"},"modified":"2026-02-27T09:55:26","modified_gmt":"2026-02-27T08:55:26","slug":"acsi-un-tarif-avantageux-pour-les-campeurs-et-les-camping-caristes","status":"publish","type":"page","link":"https:\/\/www.camping-les-biches.com\/nl\/acsi-un-tarif-avantageux-pour-les-campeurs-et-les-camping-caristes\/","title":{"rendered":"ACSI biedt een voordelig tarief voor kampeerders en camperaars."},"content":{"rendered":"<section id=\"section-638f214a05a40\"\" class=\"section bg-white\" \/><div class=\"container extralarge\"><h1 class=\"element section-title center\">Minimumprijs en ACSI-voordelen<\/h1><div class=\"element bloc-text justify \">\n\t<p class=\"\" data-start=\"670\" data-end=\"858\">De ACSI-kaart biedt u de mogelijkheid om te profiteren van voordelige tarieven voor een kampeerverblijf in het laagseizoen <strong>van 18 april tot 4 juli en van 28 augustus tot 20 september 2025.<\/strong><\/p>\n<p class=\"\" data-start=\"860\" data-end=\"1125\">Om van deze voordelen te profiteren, ga naar de ACSI-website en bestel uw CampingCard ACSI. Op vertoon van deze kaart krijgt u een gereduceerd tarief voor 2 personen op een standaard kampeerplaats met elektriciteit of een Premium kampeerplaats met priv\u00e9-sanitair.<\/p>\n<p class=\"\" data-start=\"1127\" data-end=\"1334\">Voor meer informatie of reserveringen kunt u ons bellen van maandag tot en met vrijdag van 9:00 tot 12:30 en van 14:00 tot 17:30 op +33 2 51 54 38 82, of ons een e-mail sturen op <a class=\"cursor-pointer\" rel=\"noopener\" data-start=\"1306\" data-end=\"1333\">info@camping-les-biches.com<\/a>.<\/p>\n<\/div><\/div><\/section>\n\n<section id=\"section-638f214a05cef\"\" class=\"section bg-white\" \/><div class=\"container extralarge\"><div class=\"colonnes-wrap valign-middle col-2-img reversed\"><div class=\"element colonne \"><h2 class=\"element section-title left\">Premium pakket met priv\u00e9sanitair<\/h2><div class=\"element bloc-text left \">\n\t<p>Als u een ACSI-kaart heeft, goed nieuws: Camping Les Biches in Saint Hilaire De Riez is partner en u kunt profiteren van een voordelig tarief voor een Premium staanplaats.<\/p>\n<p>De nachtprijs is 23\u20ac voor 2 personen met een hond en\/of een baby jonger dan 3 jaar met de ACSI-kaart.<\/p>\n<p>In een rustige omgeving midden in de natuur, in het hart van een dennenbos, biedt onze <strong>Freecamp-wijk<\/strong> u grote staanplaatsen van minimaal 120m\u00b2 met priv\u00e9sanitair.<\/p>\n<p><b>Volledig<\/b> in <strong class=\"bold color4\">hout,<\/strong> het biedt een sanitaire ruimte, met een toilet, een wastafel en een grote XXL-douche van 120x 80.<br \/>\nAan het einde van deze ruimte, een <strong class=\"bold color4\">beschutte kookhoek<\/strong> met een gootsteen, 2 gaspitten, een tafelmodel koelkast en opbergruimte om uw maaltijden te bereiden. Elk gebied heeft zijn eigen deur om onafhankelijk te kunnen sluiten.<\/p>\n<p>Of u nu een nieuwe kampeerder bent of al jaren ervaren kampeerder, laat u verleiden door deze kleine <strong class=\"bold color4\">extra comfort<\/strong> om uw vakantie te laten slagen.<\/p>\n<\/div><\/div><div class=\"element colonne \"><div class=\"element images\"><div class=\"image\"><a href=\"https:\/\/www.youtube.com\/embed\/By-Aa5TUaV4?rel=0\" class=\"fancybox youtube\"><img decoding=\"async\" src=\"https:\/\/www.camping-les-biches.com\/wp-content\/uploads\/2021\/12\/freecamp-vendee.jpg\" data-src=\"https:\/\/www.camping-les-biches.com\/wp-content\/uploads\/2021\/12\/freecamp-vendee.jpg\" alt=\"emplacement-sanitaires-prives-vendee\" class=\"images_image\" \/><div class=\"video-title\">Premimum<\/div><\/a><\/div><div class=\"image\"><img decoding=\"async\" src=\"https:\/\/www.camping-les-biches.com\/wp-content\/uploads\/2022\/12\/Freecamp-534-x-299.jpg\" data-src=\"https:\/\/www.camping-les-biches.com\/wp-content\/uploads\/2022\/12\/Freecamp-534-x-299.jpg\" alt=\"rechaud camping\" class=\"images_image\" \/><\/div><\/div><\/div><\/div><\/div><\/section>\n\n<section id=\"section-638f214a05f53\"\" class=\"section bg-white\" \/><div class=\"container extralarge\"><div class=\"colonnes-wrap valign-middle col-2-img\"><div class=\"element colonne \"><div class=\"element images\"><div class=\"image\"><img decoding=\"async\" src=\"https:\/\/www.camping-les-biches.com\/wp-content\/uploads\/2021\/03\/camping-car-vendee.jpg\" data-src=\"https:\/\/www.camping-les-biches.com\/wp-content\/uploads\/2021\/03\/camping-car-vendee.jpg\" alt=\"camping car vendee\" class=\"images_image\" \/><\/div><div class=\"image\"><img decoding=\"async\" src=\"https:\/\/www.camping-les-biches.com\/wp-content\/uploads\/2022\/12\/camping-534-x-299.jpg\" data-src=\"https:\/\/www.camping-les-biches.com\/wp-content\/uploads\/2022\/12\/camping-534-x-299.jpg\" alt=\"\" class=\"images_image\" \/><\/div><\/div><\/div><div class=\"element colonne \"><h2 class=\"element section-title left\"> Comfort Pakket<\/h2><div class=\"element bloc-text justify \">\n\t<p>Als u in het bezit bent van een ACSI-kaart, goed nieuws: Camping Les Biches in Saint Hilaire De Riez is partner en u kunt profiteren van een voordelig tarief voor een Premium staanplaats.<\/p>\n<p>De nachtprijs is 17\u20ac voor 2 personen met een hond en\/of een baby jonger dan 3 jaar met de ACSI-kaart.<\/p>\n<p>De Comfort staanplaatsen hebben een 10 A elektrische aansluiting en een watertoevoer. U dient een Europese stekker en een verlengsnoer van ongeveer 20 meter mee te nemen om aan te sluiten op de elektriciteitspalen. Koelkasten zijn ook te huur, op reservering.<\/p>\n<\/div><\/div><\/div><\/div><\/section>\n\n<section id=\"section-638f5c7aeeff9\"\" class=\"section bg-white\" \/><div class=\"container extralarge\"><div class=\"colonnes-wrap valign-middle col-2-img reversed\"><div class=\"element colonne \"><h2 class=\"element section-title left\">Om te weten<\/h2><div class=\"element bloc-text justify \">\n\t<p>Om gebruik te kunnen maken van de ACSI-aanbieding, dient u online te reserveren via onze <a href=\"https:\/\/bookingpremium.secureholiday.net\/fr\/601\/\">website<\/a> of telefonisch op 0251543882. U dient ons op de dag van uw aankomst uw geldige kaart te tonen.<\/p>\n<p>Het is essentieel dat uw kaart van het huidige jaar is, anders kunnen wij het aangegeven ACSI-tarief niet toepassen.<\/p>\n<ul>\n<li>23\u20ac per nacht voor een premium staanplaats met priv\u00e9sanitair voor 2 personen<\/li>\n<li>17\u20ac per nacht voor een comfort staanplaats met elektriciteit voor 2 personen<\/li>\n<\/ul>\n<p>Het is mogelijk om extra kinderen of volwassenen toe te voegen door direct contact met ons op te nemen. Extra tarief afhankelijk van de periode.<br \/>\nInbegrepen in de prijs zijn een <a href=\"https:\/\/www.camping-les-biches.com\/services-et-animaux-4-etoiles-vendee\/#section-animaux\">huisdier<\/a> en\/of een kind jonger dan 3 jaar.<\/p>\n<\/div><\/div><div class=\"element colonne \"><div class=\"element images\"><div class=\"image\"><img decoding=\"async\" src=\"https:\/\/www.camping-les-biches.com\/wp-content\/uploads\/2022\/12\/ACSI-logo.jpg\" data-src=\"https:\/\/www.camping-les-biches.com\/wp-content\/uploads\/2022\/12\/ACSI-logo.jpg\" alt=\"\" class=\"images_image\" \/><\/div><div class=\"image\"><img decoding=\"async\" src=\"https:\/\/www.camping-les-biches.com\/wp-content\/uploads\/2022\/12\/campingcardacsi.jpg\" data-src=\"https:\/\/www.camping-les-biches.com\/wp-content\/uploads\/2022\/12\/campingcardacsi.jpg\" alt=\"\" class=\"images_image\" \/><\/div><\/div><\/div><\/div><\/div><\/section>\n\n<section id=\"section-638f5c7aef12c\"\" class=\"section bg-white\" \/><div class=\"container\"><div id=\"no-result\">Er lijken geen resultaten te zijn die overeenkomen met deze combinatie van filters<\/div><!-- <pre><\/pre> --><\/div><\/section>","protected":false},"excerpt":{"rendered":"","protected":false},"author":6,"featured_media":6396,"parent":0,"menu_order":0,"comment_status":"closed","ping_status":"closed","template":"","meta":{"_acf_changed":false,"footnotes":""},"class_list":["post-15017","page","type-page","status-publish","has-post-thumbnail","hentry"],"acf":[],"yoast_head":"<!-- This site is optimized with the Yoast SEO plugin v25.3 - https:\/\/yoast.com\/wordpress\/plugins\/seo\/ -->\n<title>ACSI-camping in de Vend\u00e9e: prijzen en voordelen van ACSI op de camping<\/title>\n<meta name=\"description\" content=\"Profitez de tarifs avantageux pour un s\u00e9jour en camping en basse saison gr\u00e2ce \u00e0 la carte ACSI au Camping les Biches !\" \/>\n<meta name=\"robots\" content=\"index, follow, max-snippet:-1, max-image-preview:large, max-video-preview:-1\" \/>\n<link rel=\"canonical\" href=\"https:\/\/www.camping-les-biches.com\/nl\/acsi-un-tarif-avantageux-pour-les-campeurs-et-les-camping-caristes\/\" \/>\n<meta property=\"og:locale\" content=\"nl_NL\" \/>\n<meta property=\"og:type\" content=\"article\" \/>\n<meta property=\"og:title\" content=\"ACSI-camping in de Vend\u00e9e: prijzen en voordelen van ACSI op de camping\" \/>\n<meta property=\"og:description\" content=\"Profitez de tarifs avantageux pour un s\u00e9jour en camping en basse saison gr\u00e2ce \u00e0 la carte ACSI au Camping les Biches !\" \/>\n<meta property=\"og:url\" content=\"https:\/\/www.camping-les-biches.com\/nl\/acsi-un-tarif-avantageux-pour-les-campeurs-et-les-camping-caristes\/\" \/>\n<meta property=\"og:site_name\" content=\"Camping Au Bois des Biches\" \/>\n<meta property=\"article:modified_time\" content=\"2026-02-27T08:55:26+00:00\" \/>\n<meta property=\"og:image\" content=\"https:\/\/www.camping-les-biches.com\/wp-content\/uploads\/2021\/03\/camping-les-biches.jpg\" \/>\n\t<meta property=\"og:image:width\" content=\"1920\" \/>\n\t<meta property=\"og:image:height\" content=\"1080\" \/>\n\t<meta property=\"og:image:type\" content=\"image\/jpeg\" \/>\n<meta name=\"twitter:card\" content=\"summary_large_image\" \/>\n<meta name=\"twitter:label1\" content=\"Geschatte leestijd\" \/>\n\t<meta name=\"twitter:data1\" content=\"1 minuut\" \/>\n<script type=\"application\/ld+json\" class=\"yoast-schema-graph\">{\"@context\":\"https:\/\/schema.org\",\"@graph\":[{\"@type\":\"WebPage\",\"@id\":\"https:\/\/www.camping-les-biches.com\/nl\/acsi-un-tarif-avantageux-pour-les-campeurs-et-les-camping-caristes\/\",\"url\":\"https:\/\/www.camping-les-biches.com\/nl\/acsi-un-tarif-avantageux-pour-les-campeurs-et-les-camping-caristes\/\",\"name\":\"ACSI-camping in de Vend\u00e9e: prijzen en voordelen van ACSI op de camping\",\"isPartOf\":{\"@id\":\"https:\/\/www.camping-les-biches.com\/nl\/#website\"},\"primaryImageOfPage\":{\"@id\":\"https:\/\/www.camping-les-biches.com\/nl\/acsi-un-tarif-avantageux-pour-les-campeurs-et-les-camping-caristes\/#primaryimage\"},\"image\":{\"@id\":\"https:\/\/www.camping-les-biches.com\/nl\/acsi-un-tarif-avantageux-pour-les-campeurs-et-les-camping-caristes\/#primaryimage\"},\"thumbnailUrl\":\"https:\/\/www.camping-les-biches.com\/wp-content\/uploads\/2021\/03\/camping-les-biches.jpg\",\"datePublished\":\"2022-12-06T14:44:32+00:00\",\"dateModified\":\"2026-02-27T08:55:26+00:00\",\"description\":\"Profitez de tarifs avantageux pour un s\u00e9jour en camping en basse saison gr\u00e2ce \u00e0 la carte ACSI au Camping les Biches !\",\"breadcrumb\":{\"@id\":\"https:\/\/www.camping-les-biches.com\/nl\/acsi-un-tarif-avantageux-pour-les-campeurs-et-les-camping-caristes\/#breadcrumb\"},\"inLanguage\":\"nl-NL\",\"potentialAction\":[{\"@type\":\"ReadAction\",\"target\":[\"https:\/\/www.camping-les-biches.com\/nl\/acsi-un-tarif-avantageux-pour-les-campeurs-et-les-camping-caristes\/\"]}]},{\"@type\":\"ImageObject\",\"inLanguage\":\"nl-NL\",\"@id\":\"https:\/\/www.camping-les-biches.com\/nl\/acsi-un-tarif-avantageux-pour-les-campeurs-et-les-camping-caristes\/#primaryimage\",\"url\":\"https:\/\/www.camping-les-biches.com\/wp-content\/uploads\/2021\/03\/camping-les-biches.jpg\",\"contentUrl\":\"https:\/\/www.camping-les-biches.com\/wp-content\/uploads\/2021\/03\/camping-les-biches.jpg\",\"width\":1920,\"height\":1080,\"caption\":\"camping les biches\"},{\"@type\":\"BreadcrumbList\",\"@id\":\"https:\/\/www.camping-les-biches.com\/nl\/acsi-un-tarif-avantageux-pour-les-campeurs-et-les-camping-caristes\/#breadcrumb\",\"itemListElement\":[{\"@type\":\"ListItem\",\"position\":1,\"name\":\"Kamperen Vend\u00e9e\",\"item\":\"https:\/\/www.camping-les-biches.com\/nl\/\"},{\"@type\":\"ListItem\",\"position\":2,\"name\":\"ACSI biedt een voordelig tarief voor kampeerders en camperaars.\"}]},{\"@type\":\"WebSite\",\"@id\":\"https:\/\/www.camping-les-biches.com\/nl\/#website\",\"url\":\"https:\/\/www.camping-les-biches.com\/nl\/\",\"name\":\"Camping Au Bois des Biches\",\"description\":\"\",\"publisher\":{\"@id\":\"https:\/\/www.camping-les-biches.com\/nl\/#organization\"},\"potentialAction\":[{\"@type\":\"SearchAction\",\"target\":{\"@type\":\"EntryPoint\",\"urlTemplate\":\"https:\/\/www.camping-les-biches.com\/nl\/?s={search_term_string}\"},\"query-input\":{\"@type\":\"PropertyValueSpecification\",\"valueRequired\":true,\"valueName\":\"search_term_string\"}}],\"inLanguage\":\"nl-NL\"},{\"@type\":\"Organization\",\"@id\":\"https:\/\/www.camping-les-biches.com\/nl\/#organization\",\"name\":\"Flower Camping Au Bois des Biches\",\"url\":\"https:\/\/www.camping-les-biches.com\/nl\/\",\"logo\":{\"@type\":\"ImageObject\",\"inLanguage\":\"nl-NL\",\"@id\":\"https:\/\/www.camping-les-biches.com\/nl\/#\/schema\/logo\/image\/\",\"url\":\"https:\/\/www.camping-les-biches.com\/wp-content\/uploads\/2025\/10\/AuBoisDesBiches-Logo-complet.png\",\"contentUrl\":\"https:\/\/www.camping-les-biches.com\/wp-content\/uploads\/2025\/10\/AuBoisDesBiches-Logo-complet.png\",\"width\":331,\"height\":162,\"caption\":\"Flower Camping Au Bois des Biches\"},\"image\":{\"@id\":\"https:\/\/www.camping-les-biches.com\/nl\/#\/schema\/logo\/image\/\"}}]}<\/script>\n<!-- \/ Yoast SEO plugin. -->","yoast_head_json":{"title":"ACSI-camping in de Vend\u00e9e: prijzen en voordelen van ACSI op de camping","description":"Profitez de tarifs avantageux pour un s\u00e9jour en camping en basse saison gr\u00e2ce \u00e0 la carte ACSI au Camping les Biches !","robots":{"index":"index","follow":"follow","max-snippet":"max-snippet:-1","max-image-preview":"max-image-preview:large","max-video-preview":"max-video-preview:-1"},"canonical":"https:\/\/www.camping-les-biches.com\/nl\/acsi-un-tarif-avantageux-pour-les-campeurs-et-les-camping-caristes\/","og_locale":"nl_NL","og_type":"article","og_title":"ACSI-camping in de Vend\u00e9e: prijzen en voordelen van ACSI op de camping","og_description":"Profitez de tarifs avantageux pour un s\u00e9jour en camping en basse saison gr\u00e2ce \u00e0 la carte ACSI au Camping les Biches !","og_url":"https:\/\/www.camping-les-biches.com\/nl\/acsi-un-tarif-avantageux-pour-les-campeurs-et-les-camping-caristes\/","og_site_name":"Camping Au Bois des Biches","article_modified_time":"2026-02-27T08:55:26+00:00","og_image":[{"width":1920,"height":1080,"url":"https:\/\/www.camping-les-biches.com\/wp-content\/uploads\/2021\/03\/camping-les-biches.jpg","type":"image\/jpeg"}],"twitter_card":"summary_large_image","twitter_misc":{"Geschatte leestijd":"1 minuut"},"schema":{"@context":"https:\/\/schema.org","@graph":[{"@type":"WebPage","@id":"https:\/\/www.camping-les-biches.com\/nl\/acsi-un-tarif-avantageux-pour-les-campeurs-et-les-camping-caristes\/","url":"https:\/\/www.camping-les-biches.com\/nl\/acsi-un-tarif-avantageux-pour-les-campeurs-et-les-camping-caristes\/","name":"ACSI-camping in de Vend\u00e9e: prijzen en voordelen van ACSI op de camping","isPartOf":{"@id":"https:\/\/www.camping-les-biches.com\/nl\/#website"},"primaryImageOfPage":{"@id":"https:\/\/www.camping-les-biches.com\/nl\/acsi-un-tarif-avantageux-pour-les-campeurs-et-les-camping-caristes\/#primaryimage"},"image":{"@id":"https:\/\/www.camping-les-biches.com\/nl\/acsi-un-tarif-avantageux-pour-les-campeurs-et-les-camping-caristes\/#primaryimage"},"thumbnailUrl":"https:\/\/www.camping-les-biches.com\/wp-content\/uploads\/2021\/03\/camping-les-biches.jpg","datePublished":"2022-12-06T14:44:32+00:00","dateModified":"2026-02-27T08:55:26+00:00","description":"Profitez de tarifs avantageux pour un s\u00e9jour en camping en basse saison gr\u00e2ce \u00e0 la carte ACSI au Camping les Biches !","breadcrumb":{"@id":"https:\/\/www.camping-les-biches.com\/nl\/acsi-un-tarif-avantageux-pour-les-campeurs-et-les-camping-caristes\/#breadcrumb"},"inLanguage":"nl-NL","potentialAction":[{"@type":"ReadAction","target":["https:\/\/www.camping-les-biches.com\/nl\/acsi-un-tarif-avantageux-pour-les-campeurs-et-les-camping-caristes\/"]}]},{"@type":"ImageObject","inLanguage":"nl-NL","@id":"https:\/\/www.camping-les-biches.com\/nl\/acsi-un-tarif-avantageux-pour-les-campeurs-et-les-camping-caristes\/#primaryimage","url":"https:\/\/www.camping-les-biches.com\/wp-content\/uploads\/2021\/03\/camping-les-biches.jpg","contentUrl":"https:\/\/www.camping-les-biches.com\/wp-content\/uploads\/2021\/03\/camping-les-biches.jpg","width":1920,"height":1080,"caption":"camping les biches"},{"@type":"BreadcrumbList","@id":"https:\/\/www.camping-les-biches.com\/nl\/acsi-un-tarif-avantageux-pour-les-campeurs-et-les-camping-caristes\/#breadcrumb","itemListElement":[{"@type":"ListItem","position":1,"name":"Kamperen Vend\u00e9e","item":"https:\/\/www.camping-les-biches.com\/nl\/"},{"@type":"ListItem","position":2,"name":"ACSI biedt een voordelig tarief voor kampeerders en camperaars."}]},{"@type":"WebSite","@id":"https:\/\/www.camping-les-biches.com\/nl\/#website","url":"https:\/\/www.camping-les-biches.com\/nl\/","name":"Camping Au Bois des Biches","description":"","publisher":{"@id":"https:\/\/www.camping-les-biches.com\/nl\/#organization"},"potentialAction":[{"@type":"SearchAction","target":{"@type":"EntryPoint","urlTemplate":"https:\/\/www.camping-les-biches.com\/nl\/?s={search_term_string}"},"query-input":{"@type":"PropertyValueSpecification","valueRequired":true,"valueName":"search_term_string"}}],"inLanguage":"nl-NL"},{"@type":"Organization","@id":"https:\/\/www.camping-les-biches.com\/nl\/#organization","name":"Flower Camping Au Bois des Biches","url":"https:\/\/www.camping-les-biches.com\/nl\/","logo":{"@type":"ImageObject","inLanguage":"nl-NL","@id":"https:\/\/www.camping-les-biches.com\/nl\/#\/schema\/logo\/image\/","url":"https:\/\/www.camping-les-biches.com\/wp-content\/uploads\/2025\/10\/AuBoisDesBiches-Logo-complet.png","contentUrl":"https:\/\/www.camping-les-biches.com\/wp-content\/uploads\/2025\/10\/AuBoisDesBiches-Logo-complet.png","width":331,"height":162,"caption":"Flower Camping Au Bois des Biches"},"image":{"@id":"https:\/\/www.camping-les-biches.com\/nl\/#\/schema\/logo\/image\/"}}]}},"_links":{"self":[{"href":"https:\/\/www.camping-les-biches.com\/nl\/wp-json\/wp\/v2\/pages\/15017"}],"collection":[{"href":"https:\/\/www.camping-les-biches.com\/nl\/wp-json\/wp\/v2\/pages"}],"about":[{"href":"https:\/\/www.camping-les-biches.com\/nl\/wp-json\/wp\/v2\/types\/page"}],"author":[{"embeddable":true,"href":"https:\/\/www.camping-les-biches.com\/nl\/wp-json\/wp\/v2\/users\/6"}],"replies":[{"embeddable":true,"href":"https:\/\/www.camping-les-biches.com\/nl\/wp-json\/wp\/v2\/comments?post=15017"}],"version-history":[{"count":10,"href":"https:\/\/www.camping-les-biches.com\/nl\/wp-json\/wp\/v2\/pages\/15017\/revisions"}],"predecessor-version":[{"id":34059,"href":"https:\/\/www.camping-les-biches.com\/nl\/wp-json\/wp\/v2\/pages\/15017\/revisions\/34059"}],"wp:featuredmedia":[{"embeddable":true,"href":"https:\/\/www.camping-les-biches.com\/nl\/wp-json\/wp\/v2\/media\/6396"}],"wp:attachment":[{"href":"https:\/\/www.camping-les-biches.com\/nl\/wp-json\/wp\/v2\/media?parent=15017"}],"curies":[{"name":"wp","href":"https:\/\/api.w.org\/{rel}","templated":true}]}}